{"id":524,"date":"2023-09-06T13:38:45","date_gmt":"2023-09-06T13:38:45","guid":{"rendered":"https:\/\/physiotherapie-elsasser.de\/?page_id=524"},"modified":"2024-12-16T05:41:15","modified_gmt":"2024-12-16T05:41:15","slug":"impressum","status":"publish","type":"page","link":"https:\/\/physiotherapie-elsasser.de\/index.php\/impressum\/","title":{"rendered":"Impressum"},"content":{"rendered":"\t\t<div data-elementor-type=\"wp-page\" data-elementor-id=\"524\" class=\"elementor elementor-524\" data-elementor-post-type=\"page\">\n\t\t\t\t<div class=\"elementor-element elementor-element-f4c8c4a e-flex e-con-boxed e-con e-parent\" data-id=\"f4c8c4a\" data-element_type=\"container\" data-e-type=\"container\">\n\t\t\t\t\t<div class=\"e-con-inner\">\n\t\t\t\t<div class=\"elementor-element elementor-element-33d5d00 elementor-widget elementor-widget-heading\" data-id=\"33d5d00\" data-element_type=\"widget\" data-e-type=\"widget\" data-widget_type=\"heading.default\">\n\t\t\t\t<div class=\"elementor-widget-container\">\n\t\t\t\t\t<h2 class=\"elementor-heading-title elementor-size-default\">Impressum<\/h2>\t\t\t\t<\/div>\n\t\t\t\t<\/div>\n\t\t\t\t\t<\/div>\n\t\t\t\t<\/div>\n\t\t<div class=\"elementor-element elementor-element-64adec8 e-flex e-con-boxed e-con e-parent\" data-id=\"64adec8\" data-element_type=\"container\" data-e-type=\"container\">\n\t\t\t\t\t<div class=\"e-con-inner\">\n\t\t<div class=\"elementor-element elementor-element-707f702 e-con-full e-flex e-con e-child\" data-id=\"707f702\" data-element_type=\"container\" data-e-type=\"container\">\n\t\t\t\t<div class=\"elementor-element elementor-element-aef90e8 elementor-widget elementor-widget-text-editor\" data-id=\"aef90e8\" data-element_type=\"widget\" data-e-type=\"widget\" data-widget_type=\"text-editor.default\">\n\t\t\t\t<div class=\"elementor-widget-container\">\n\t\t\t\t\t\t\t\t\t<p>Dieses Impressum gilt f\u00fcr alle Angebote unter Domain www.ristic-marketing.de und aller Subdomains.<\/p><h5><strong>Angaben gem. \u00a7 5 TMG<\/strong><\/h5><h5>\u00a0<\/h5><h5>Physiotherapie Elsasser<\/h5><h6>Inhaber: Herr Michael Elsasser<\/h6><p>Riehlstra\u00dfe 13-15<\/p><p>45144 Essen<\/p><p>Telefon: 0201 \/ 74 99 67 05<\/p><p>Mobil: 0177 \/ 5 88 54 91<\/p><p>Internet Adresse: <a href=\"http:\/\/www.physiotherapie-elsasser.de\/\">www.physiotherapie-elsasser.de<\/a><\/p><p>E-Mail Adresse: <a href=\"mailto:kontakt@physiotherapie-elsasser.de\">physiotherapie-elesasser@t-online.de<\/a><\/p>\t\t\t\t\t\t\t\t<\/div>\n\t\t\t\t<\/div>\n\t\t\t\t<\/div>\n\t\t<div class=\"elementor-element elementor-element-2febbd5 e-con-full e-flex e-con e-child\" data-id=\"2febbd5\" data-element_type=\"container\" data-e-type=\"container\">\n\t\t\t\t<div class=\"elementor-element elementor-element-762b842 elementor-widget elementor-widget-text-editor\" data-id=\"762b842\" data-element_type=\"widget\" data-e-type=\"widget\" data-widget_type=\"text-editor.default\">\n\t\t\t\t<div class=\"elementor-widget-container\">\n\t\t\t\t\t\t\t\t\t<h6><strong>Zulassung:<\/strong><\/h6><p>Zugelassen als Physiotherapeut von der Bundesrepublik Deutschland<\/p><h6><strong>Aufsichtsbeh\u00f6rde: <\/strong><\/h6><p>Regierung NRW, Gesundheitsamt<\/p><h6><strong>Geltendes Berufsrecht:<\/strong><\/h6><p>Gesetz \u00fcber die Berufe in der Physiotherapie vom 26. Mai 1994 Bundesgesetzblatt S. 1084<\/p><h6><strong>Urheberrecht \/ Copyright:<\/strong><\/h6><p>Vervielf\u00e4ltigungen, jeglicher Art der Inhalte dieses Internetangebotes, sind nur mit ausdr\u00fccklicher Zustimmung des Seitenbetreibers gestattet.<\/p><h6><strong>Design und Umsetzung:<\/strong><\/h6><p><a href=\"http:\/\/Ristic-marketing.de\">Ristic Marketing<\/a><\/p><h6><strong>Hinweis zu allen Verweisen \/ externe Links:<\/strong><\/h6><p>Der Seitenbetreiber von <a href=\"http:\/\/www.physiotherapie-elsasser.de\/\">www.physiotherapie-elsasser.de<\/a> ist nicht f\u00fcr die Inhalte fremder Websites verantwortlich, die \u00fcber einen Verweis von dieser Website aus betreten werden k\u00f6nnen. Diese Erkl\u00e4rung betrifft auch Verweise, die von Seitenbenutzern selbst \u00fcber das Forum und\/oder das G\u00e4stebuch angebracht werden und nicht dieses Webangebot betreffen.<\/p><p>Bildquelle: Adobe Stock<\/p>\t\t\t\t\t\t\t\t<\/div>\n\t\t\t\t<\/div>\n\t\t\t\t<\/div>\n\t\t\t\t\t<\/div>\n\t\t\t\t<\/div>\n\t\t\t\t<\/div>\n\t\t","protected":false},"excerpt":{"rendered":"<p>Impressum Dieses Impressum gilt f\u00fcr alle Angebote unter Domain www.ristic-marketing.de und aller Subdomains. Angaben gem. \u00a7 5 TMG \u00a0 Physiotherapie Elsasser Inhaber: Herr Michael Elsasser Riehlstra\u00dfe 13-15 45144 Essen Telefon: 0201 \/ 74 99 67 05 Mobil: 0177 \/ 5 88 54 91 Internet Adresse: www.physiotherapie-elsasser.de E-Mail Adresse: physiotherapie-elesasser@t-online.de Zulassung: Zugelassen als Physiotherapeut von der [&hellip;]<\/p>\n","protected":false},"author":1,"featured_media":0,"parent":0,"menu_order":0,"comment_status":"closed","ping_status":"closed","template":"","meta":{"footnotes":""},"class_list":["post-524","page","type-page","status-publish","hentry"],"yoast_head":"<!-- This site is optimized with the Yoast SEO plugin v27.4 - https:\/\/yoast.com\/product\/yoast-seo-wordpress\/ -->\n<title>Impressum - Physiotherapie Elsasser<\/title>\n<meta name=\"description\" content=\"Unser Impressum k\u00f6nnen Sie hier sehen und nachlesen.\" \/>\n<meta name=\"robots\" content=\"index, follow, max-snippet:-1, max-image-preview:large, max-video-preview:-1\" \/>\n<link rel=\"canonical\" href=\"https:\/\/physiotherapie-elsasser.de\/index.php\/impressum\/\" \/>\n<meta property=\"og:locale\" content=\"de_DE\" \/>\n<meta property=\"og:type\" content=\"article\" \/>\n<meta property=\"og:title\" content=\"Impressum - Physiotherapie Elsasser\" \/>\n<meta property=\"og:description\" content=\"Unser Impressum k\u00f6nnen Sie hier sehen und nachlesen.\" \/>\n<meta property=\"og:url\" content=\"https:\/\/physiotherapie-elsasser.de\/index.php\/impressum\/\" \/>\n<meta property=\"og:site_name\" content=\"Physiotherapie Elsasser\" \/>\n<meta property=\"article:publisher\" content=\"https:\/\/www.facebook.com\/profile.php?id=100070077942518\" \/>\n<meta property=\"article:modified_time\" content=\"2024-12-16T05:41:15+00:00\" \/>\n<meta name=\"twitter:card\" content=\"summary_large_image\" \/>\n<meta name=\"twitter:label1\" content=\"Gesch\u00e4tzte Lesezeit\" \/>\n\t<meta name=\"twitter:data1\" content=\"1\u00a0Minute\" \/>\n<script type=\"application\/ld+json\" class=\"yoast-schema-graph\">{\"@context\":\"https:\\\/\\\/schema.org\",\"@graph\":[{\"@type\":\"WebPage\",\"@id\":\"https:\\\/\\\/physiotherapie-elsasser.de\\\/index.php\\\/impressum\\\/\",\"url\":\"https:\\\/\\\/physiotherapie-elsasser.de\\\/index.php\\\/impressum\\\/\",\"name\":\"Impressum - Physiotherapie Elsasser\",\"isPartOf\":{\"@id\":\"https:\\\/\\\/physiotherapie-elsasser.de\\\/#website\"},\"datePublished\":\"2023-09-06T13:38:45+00:00\",\"dateModified\":\"2024-12-16T05:41:15+00:00\",\"description\":\"Unser Impressum k\u00f6nnen Sie hier sehen und nachlesen.\",\"breadcrumb\":{\"@id\":\"https:\\\/\\\/physiotherapie-elsasser.de\\\/index.php\\\/impressum\\\/#breadcrumb\"},\"inLanguage\":\"de\",\"potentialAction\":[{\"@type\":\"ReadAction\",\"target\":[\"https:\\\/\\\/physiotherapie-elsasser.de\\\/index.php\\\/impressum\\\/\"]}]},{\"@type\":\"BreadcrumbList\",\"@id\":\"https:\\\/\\\/physiotherapie-elsasser.de\\\/index.php\\\/impressum\\\/#breadcrumb\",\"itemListElement\":[{\"@type\":\"ListItem\",\"position\":1,\"name\":\"Startseite\",\"item\":\"https:\\\/\\\/physiotherapie-elsasser.de\\\/\"},{\"@type\":\"ListItem\",\"position\":2,\"name\":\"Impressum\"}]},{\"@type\":\"WebSite\",\"@id\":\"https:\\\/\\\/physiotherapie-elsasser.de\\\/#website\",\"url\":\"https:\\\/\\\/physiotherapie-elsasser.de\\\/\",\"name\":\"Physiotherapie Michael Elsasser\",\"description\":\"\",\"publisher\":{\"@id\":\"https:\\\/\\\/physiotherapie-elsasser.de\\\/#organization\"},\"potentialAction\":[{\"@type\":\"SearchAction\",\"target\":{\"@type\":\"EntryPoint\",\"urlTemplate\":\"https:\\\/\\\/physiotherapie-elsasser.de\\\/?s={search_term_string}\"},\"query-input\":{\"@type\":\"PropertyValueSpecification\",\"valueRequired\":true,\"valueName\":\"search_term_string\"}}],\"inLanguage\":\"de\"},{\"@type\":\"Organization\",\"@id\":\"https:\\\/\\\/physiotherapie-elsasser.de\\\/#organization\",\"name\":\"Physiotherapie Michael Elsasser\",\"url\":\"https:\\\/\\\/physiotherapie-elsasser.de\\\/\",\"logo\":{\"@type\":\"ImageObject\",\"inLanguage\":\"de\",\"@id\":\"https:\\\/\\\/physiotherapie-elsasser.de\\\/#\\\/schema\\\/logo\\\/image\\\/\",\"url\":\"https:\\\/\\\/physiotherapie-elsasser.de\\\/wp-content\\\/uploads\\\/2023\\\/08\\\/logo-elsasser.png\",\"contentUrl\":\"https:\\\/\\\/physiotherapie-elsasser.de\\\/wp-content\\\/uploads\\\/2023\\\/08\\\/logo-elsasser.png\",\"width\":351,\"height\":100,\"caption\":\"Physiotherapie Michael Elsasser\"},\"image\":{\"@id\":\"https:\\\/\\\/physiotherapie-elsasser.de\\\/#\\\/schema\\\/logo\\\/image\\\/\"},\"sameAs\":[\"https:\\\/\\\/www.facebook.com\\\/profile.php?id=100070077942518\"]}]}<\/script>\n<!-- \/ Yoast SEO plugin. -->","yoast_head_json":{"title":"Impressum - Physiotherapie Elsasser","description":"Unser Impressum k\u00f6nnen Sie hier sehen und nachlesen.","robots":{"index":"index","follow":"follow","max-snippet":"max-snippet:-1","max-image-preview":"max-image-preview:large","max-video-preview":"max-video-preview:-1"},"canonical":"https:\/\/physiotherapie-elsasser.de\/index.php\/impressum\/","og_locale":"de_DE","og_type":"article","og_title":"Impressum - Physiotherapie Elsasser","og_description":"Unser Impressum k\u00f6nnen Sie hier sehen und nachlesen.","og_url":"https:\/\/physiotherapie-elsasser.de\/index.php\/impressum\/","og_site_name":"Physiotherapie Elsasser","article_publisher":"https:\/\/www.facebook.com\/profile.php?id=100070077942518","article_modified_time":"2024-12-16T05:41:15+00:00","twitter_card":"summary_large_image","twitter_misc":{"Gesch\u00e4tzte Lesezeit":"1\u00a0Minute"},"schema":{"@context":"https:\/\/schema.org","@graph":[{"@type":"WebPage","@id":"https:\/\/physiotherapie-elsasser.de\/index.php\/impressum\/","url":"https:\/\/physiotherapie-elsasser.de\/index.php\/impressum\/","name":"Impressum - Physiotherapie Elsasser","isPartOf":{"@id":"https:\/\/physiotherapie-elsasser.de\/#website"},"datePublished":"2023-09-06T13:38:45+00:00","dateModified":"2024-12-16T05:41:15+00:00","description":"Unser Impressum k\u00f6nnen Sie hier sehen und nachlesen.","breadcrumb":{"@id":"https:\/\/physiotherapie-elsasser.de\/index.php\/impressum\/#breadcrumb"},"inLanguage":"de","potentialAction":[{"@type":"ReadAction","target":["https:\/\/physiotherapie-elsasser.de\/index.php\/impressum\/"]}]},{"@type":"BreadcrumbList","@id":"https:\/\/physiotherapie-elsasser.de\/index.php\/impressum\/#breadcrumb","itemListElement":[{"@type":"ListItem","position":1,"name":"Startseite","item":"https:\/\/physiotherapie-elsasser.de\/"},{"@type":"ListItem","position":2,"name":"Impressum"}]},{"@type":"WebSite","@id":"https:\/\/physiotherapie-elsasser.de\/#website","url":"https:\/\/physiotherapie-elsasser.de\/","name":"Physiotherapie Michael Elsasser","description":"","publisher":{"@id":"https:\/\/physiotherapie-elsasser.de\/#organization"},"potentialAction":[{"@type":"SearchAction","target":{"@type":"EntryPoint","urlTemplate":"https:\/\/physiotherapie-elsasser.de\/?s={search_term_string}"},"query-input":{"@type":"PropertyValueSpecification","valueRequired":true,"valueName":"search_term_string"}}],"inLanguage":"de"},{"@type":"Organization","@id":"https:\/\/physiotherapie-elsasser.de\/#organization","name":"Physiotherapie Michael Elsasser","url":"https:\/\/physiotherapie-elsasser.de\/","logo":{"@type":"ImageObject","inLanguage":"de","@id":"https:\/\/physiotherapie-elsasser.de\/#\/schema\/logo\/image\/","url":"https:\/\/physiotherapie-elsasser.de\/wp-content\/uploads\/2023\/08\/logo-elsasser.png","contentUrl":"https:\/\/physiotherapie-elsasser.de\/wp-content\/uploads\/2023\/08\/logo-elsasser.png","width":351,"height":100,"caption":"Physiotherapie Michael Elsasser"},"image":{"@id":"https:\/\/physiotherapie-elsasser.de\/#\/schema\/logo\/image\/"},"sameAs":["https:\/\/www.facebook.com\/profile.php?id=100070077942518"]}]}},"_links":{"self":[{"href":"https:\/\/physiotherapie-elsasser.de\/index.php\/wp-json\/wp\/v2\/pages\/524","targetHints":{"allow":["GET"]}}],"collection":[{"href":"https:\/\/physiotherapie-elsasser.de\/index.php\/wp-json\/wp\/v2\/pages"}],"about":[{"href":"https:\/\/physiotherapie-elsasser.de\/index.php\/wp-json\/wp\/v2\/types\/page"}],"author":[{"embeddable":true,"href":"https:\/\/physiotherapie-elsasser.de\/index.php\/wp-json\/wp\/v2\/users\/1"}],"replies":[{"embeddable":true,"href":"https:\/\/physiotherapie-elsasser.de\/index.php\/wp-json\/wp\/v2\/comments?post=524"}],"version-history":[{"count":32,"href":"https:\/\/physiotherapie-elsasser.de\/index.php\/wp-json\/wp\/v2\/pages\/524\/revisions"}],"predecessor-version":[{"id":781,"href":"https:\/\/physiotherapie-elsasser.de\/index.php\/wp-json\/wp\/v2\/pages\/524\/revisions\/781"}],"wp:attachment":[{"href":"https:\/\/physiotherapie-elsasser.de\/index.php\/wp-json\/wp\/v2\/media?parent=524"}],"curies":[{"name":"wp","href":"https:\/\/api.w.org\/{rel}","templated":true}]}}